{"id":321,"date":"2025-07-14T13:14:24","date_gmt":"2025-07-14T11:14:24","guid":{"rendered":"https:\/\/galerie-jj.jjctho.fr\/?page_id=321"},"modified":"2025-12-30T18:40:38","modified_gmt":"2025-12-30T16:40:38","slug":"mes-galeries","status":"publish","type":"page","link":"https:\/\/galerie-jj.jjctho.fr\/index.php\/mes-galeries\/","title":{"rendered":"Mes galeries"},"content":{"rendered":"\n<div class=\"wp-block-group alignfull has-global-padding is-layout-constrained wp-container-core-group-is-layout-b25ccd55 wp-block-group-is-layout-constrained\" style=\"margin-top:0;margin-bottom:0;padding-top:var(--wp--preset--spacing--50);padding-right:var(--wp--preset--spacing--50);padding-bottom:var(--wp--preset--spacing--50);padding-left:var(--wp--preset--spacing--50)\">\n<div class=\"wp-block-columns alignwide is-layout-flex wp-container-core-columns-is-layout-ff4b9c61 wp-block-columns-is-layout-flex\" style=\"margin-top:0;margin-bottom:0\">\n<div class=\"wp-block-column is-layout-flow wp-container-core-column-is-layout-8a368f38 wp-block-column-is-layout-flow\">\n<figure class=\"wp-block-image size-large is-style-rounded is-style-rounded--1\"><a href=\"https:\/\/galerie-jj.jjctho.fr\/index.php\/lagune-amazonienne\/\"><img loading=\"lazy\" decoding=\"async\" width=\"1024\" height=\"682\" src=\"https:\/\/galerie-jj.jjctho.fr\/wp-content\/uploads\/2025\/07\/JJT_5705-1024x682.jpg\" alt=\"\" class=\"wp-image-252\" style=\"aspect-ratio:4\/3;object-fit:cover\" srcset=\"https:\/\/galerie-jj.jjctho.fr\/wp-content\/uploads\/2025\/07\/JJT_5705-1024x682.jpg 1024w, https:\/\/galerie-jj.jjctho.fr\/wp-content\/uploads\/2025\/07\/JJT_5705-300x200.jpg 300w, https:\/\/galerie-jj.jjctho.fr\/wp-content\/uploads\/2025\/07\/JJT_5705-768x512.jpg 768w, https:\/\/galerie-jj.jjctho.fr\/wp-content\/uploads\/2025\/07\/JJT_5705-1536x1024.jpg 1536w, https:\/\/galerie-jj.jjctho.fr\/wp-content\/uploads\/2025\/07\/JJT_5705-2048x1365.jpg 2048w\" sizes=\"auto, (max-width: 1024px) 100vw, 1024px\" \/><\/a><\/figure>\n\n\n\n<p class=\"has-text-align-center\"><a href=\"https:\/\/galerie-jj.jjctho.fr\/index.php\/lagune-amazonienne\/\" data-type=\"page\" data-id=\"636\">Lagune amazonienne<\/a><\/p>\n\n\n\n<div style=\"height:var(--wp--preset--spacing--50)\" aria-hidden=\"true\" class=\"wp-block-spacer\"><\/div>\n\n\n\n<figure class=\"wp-block-image size-large is-style-rounded is-style-rounded--2\"><a href=\"https:\/\/galerie-jj.jjctho.fr\/index.php\/antelope-canyon\/\"><img loading=\"lazy\" decoding=\"async\" width=\"1024\" height=\"680\" src=\"https:\/\/galerie-jj.jjctho.fr\/wp-content\/uploads\/2025\/07\/DSC_4804-001-1024x680.jpg\" alt=\"\" class=\"wp-image-155\" style=\"aspect-ratio:3\/4;object-fit:cover\" srcset=\"https:\/\/galerie-jj.jjctho.fr\/wp-content\/uploads\/2025\/07\/DSC_4804-001-1024x680.jpg 1024w, https:\/\/galerie-jj.jjctho.fr\/wp-content\/uploads\/2025\/07\/DSC_4804-001-300x199.jpg 300w, https:\/\/galerie-jj.jjctho.fr\/wp-content\/uploads\/2025\/07\/DSC_4804-001-768x510.jpg 768w, https:\/\/galerie-jj.jjctho.fr\/wp-content\/uploads\/2025\/07\/DSC_4804-001-1536x1020.jpg 1536w, https:\/\/galerie-jj.jjctho.fr\/wp-content\/uploads\/2025\/07\/DSC_4804-001-2048x1360.jpg 2048w\" sizes=\"auto, (max-width: 1024px) 100vw, 1024px\" \/><\/a><\/figure>\n\n\n\n<p class=\"has-text-align-center\"><a href=\"https:\/\/galerie-jj.jjctho.fr\/index.php\/antelope-canyon\/\" data-type=\"page\" data-id=\"667\">Antelope canyon<\/a><\/p>\n\n\n\n<div style=\"height:var(--wp--preset--spacing--50)\" aria-hidden=\"true\" class=\"wp-block-spacer\"><\/div>\n\n\n\n<figure class=\"wp-block-image size-large is-style-rounded is-style-rounded--3\"><a href=\"https:\/\/galerie-jj.jjctho.fr\/index.php\/cap-vert\/\"><img loading=\"lazy\" decoding=\"async\" width=\"1024\" height=\"680\" src=\"https:\/\/galerie-jj.jjctho.fr\/wp-content\/uploads\/2025\/07\/DSC_7962-1024x680.jpg\" alt=\"\" class=\"wp-image-189\" style=\"aspect-ratio:3\/4;object-fit:cover\" srcset=\"https:\/\/galerie-jj.jjctho.fr\/wp-content\/uploads\/2025\/07\/DSC_7962-1024x680.jpg 1024w, https:\/\/galerie-jj.jjctho.fr\/wp-content\/uploads\/2025\/07\/DSC_7962-300x199.jpg 300w, https:\/\/galerie-jj.jjctho.fr\/wp-content\/uploads\/2025\/07\/DSC_7962-768x510.jpg 768w, https:\/\/galerie-jj.jjctho.fr\/wp-content\/uploads\/2025\/07\/DSC_7962-1536x1020.jpg 1536w, https:\/\/galerie-jj.jjctho.fr\/wp-content\/uploads\/2025\/07\/DSC_7962-2048x1360.jpg 2048w\" sizes=\"auto, (max-width: 1024px) 100vw, 1024px\" \/><\/a><\/figure>\n\n\n\n<p class=\"has-text-align-center\"><a href=\"https:\/\/galerie-jj.jjctho.fr\/index.php\/cap-vert\/\" data-type=\"page\" data-id=\"683\">Cap-Vert<\/a><\/p>\n\n\n\n<div style=\"height:var(--wp--preset--spacing--50)\" aria-hidden=\"true\" class=\"wp-block-spacer\"><\/div>\n\n\n\n<figure class=\"wp-block-image size-large is-style-rounded is-style-rounded--4\"><a href=\"https:\/\/galerie-jj.jjctho.fr\/index.php\/ouest-americain\/\"><img loading=\"lazy\" decoding=\"async\" width=\"1024\" height=\"680\" src=\"https:\/\/galerie-jj.jjctho.fr\/wp-content\/uploads\/2025\/07\/DSC_4599-001-1024x680.jpg\" alt=\"\" class=\"wp-image-151\" style=\"aspect-ratio:1;object-fit:cover\" srcset=\"https:\/\/galerie-jj.jjctho.fr\/wp-content\/uploads\/2025\/07\/DSC_4599-001-1024x680.jpg 1024w, https:\/\/galerie-jj.jjctho.fr\/wp-content\/uploads\/2025\/07\/DSC_4599-001-300x199.jpg 300w, https:\/\/galerie-jj.jjctho.fr\/wp-content\/uploads\/2025\/07\/DSC_4599-001-768x510.jpg 768w, https:\/\/galerie-jj.jjctho.fr\/wp-content\/uploads\/2025\/07\/DSC_4599-001-1536x1020.jpg 1536w, https:\/\/galerie-jj.jjctho.fr\/wp-content\/uploads\/2025\/07\/DSC_4599-001-2048x1360.jpg 2048w\" sizes=\"auto, (max-width: 1024px) 100vw, 1024px\" \/><\/a><\/figure>\n\n\n\n<p class=\"has-text-align-center\"><a href=\"https:\/\/galerie-jj.jjctho.fr\/index.php\/ouest-americain\/\" data-type=\"page\" data-id=\"737\">Ouest Am\u00e9ricain<\/a><\/p>\n\n\n\n<div style=\"height:var(--wp--preset--spacing--50)\" aria-hidden=\"true\" class=\"wp-block-spacer\"><\/div>\n\n\n\n<figure class=\"wp-block-image size-large is-style-rounded is-style-rounded--5\"><a href=\"https:\/\/galerie-jj.jjctho.fr\/index.php\/noirmoutier\/\"><img loading=\"lazy\" decoding=\"async\" width=\"1024\" height=\"1024\" src=\"https:\/\/galerie-jj.jjctho.fr\/wp-content\/uploads\/2025\/07\/IMG_20190528_195352_261-1024x1024.jpg\" alt=\"\" class=\"wp-image-1119\" style=\"aspect-ratio:3\/4;object-fit:cover\" srcset=\"https:\/\/galerie-jj.jjctho.fr\/wp-content\/uploads\/2025\/07\/IMG_20190528_195352_261-1024x1024.jpg 1024w, https:\/\/galerie-jj.jjctho.fr\/wp-content\/uploads\/2025\/07\/IMG_20190528_195352_261-300x300.jpg 300w, https:\/\/galerie-jj.jjctho.fr\/wp-content\/uploads\/2025\/07\/IMG_20190528_195352_261-150x150.jpg 150w, https:\/\/galerie-jj.jjctho.fr\/wp-content\/uploads\/2025\/07\/IMG_20190528_195352_261-768x768.jpg 768w, https:\/\/galerie-jj.jjctho.fr\/wp-content\/uploads\/2025\/07\/IMG_20190528_195352_261.jpg 1500w\" sizes=\"auto, (max-width: 1024px) 100vw, 1024px\" \/><\/a><\/figure>\n\n\n\n<p class=\"has-text-align-center\"><a href=\"https:\/\/galerie-jj.jjctho.fr\/index.php\/noirmoutier\/\" data-type=\"page\" data-id=\"1154\">Noirmoutier<\/a><\/p>\n\n\n\n<div style=\"height:var(--wp--preset--spacing--50)\" aria-hidden=\"true\" class=\"wp-block-spacer\"><\/div>\n\n\n\n<figure class=\"wp-block-image size-large is-style-rounded is-style-rounded--6\"><a href=\"https:\/\/galerie-jj.jjctho.fr\/index.php\/sky-scrapers\/\"><img loading=\"lazy\" decoding=\"async\" width=\"1024\" height=\"536\" src=\"https:\/\/galerie-jj.jjctho.fr\/wp-content\/uploads\/2025\/07\/IMG_20190307_164937_559-1024x536.jpg\" alt=\"\" class=\"wp-image-1114\" style=\"aspect-ratio:1;object-fit:cover\" srcset=\"https:\/\/galerie-jj.jjctho.fr\/wp-content\/uploads\/2025\/07\/IMG_20190307_164937_559-1024x536.jpg 1024w, https:\/\/galerie-jj.jjctho.fr\/wp-content\/uploads\/2025\/07\/IMG_20190307_164937_559-300x157.jpg 300w, https:\/\/galerie-jj.jjctho.fr\/wp-content\/uploads\/2025\/07\/IMG_20190307_164937_559-768x402.jpg 768w, https:\/\/galerie-jj.jjctho.fr\/wp-content\/uploads\/2025\/07\/IMG_20190307_164937_559.jpg 1500w\" sizes=\"auto, (max-width: 1024px) 100vw, 1024px\" \/><\/a><\/figure>\n\n\n\n<p class=\"has-text-align-center\"><a href=\"https:\/\/galerie-jj.jjctho.fr\/index.php\/sky-scrapers\/\" data-type=\"page\" data-id=\"1324\">Sky scrapers<\/a><\/p>\n<\/div>\n\n\n\n<div class=\"wp-block-column is-layout-flow wp-container-core-column-is-layout-8a368f38 wp-block-column-is-layout-flow\">\n<div style=\"height:var(--wp--preset--spacing--50)\" aria-hidden=\"true\" class=\"wp-block-spacer\"><\/div>\n\n\n\n<figure class=\"wp-block-image size-large is-style-rounded is-style-rounded--7\"><a href=\"https:\/\/galerie-jj.jjctho.fr\/index.php\/mont-blanc\/\"><img loading=\"lazy\" decoding=\"async\" width=\"680\" height=\"1024\" src=\"https:\/\/galerie-jj.jjctho.fr\/wp-content\/uploads\/2025\/07\/DSC_7981-680x1024.jpg\" alt=\"\" class=\"wp-image-192\" style=\"aspect-ratio:3\/4;object-fit:cover\" srcset=\"https:\/\/galerie-jj.jjctho.fr\/wp-content\/uploads\/2025\/07\/DSC_7981-680x1024.jpg 680w, https:\/\/galerie-jj.jjctho.fr\/wp-content\/uploads\/2025\/07\/DSC_7981-199x300.jpg 199w, https:\/\/galerie-jj.jjctho.fr\/wp-content\/uploads\/2025\/07\/DSC_7981-768x1157.jpg 768w, https:\/\/galerie-jj.jjctho.fr\/wp-content\/uploads\/2025\/07\/DSC_7981-1020x1536.jpg 1020w, https:\/\/galerie-jj.jjctho.fr\/wp-content\/uploads\/2025\/07\/DSC_7981-1360x2048.jpg 1360w, https:\/\/galerie-jj.jjctho.fr\/wp-content\/uploads\/2025\/07\/DSC_7981-700x1054.jpg 700w, https:\/\/galerie-jj.jjctho.fr\/wp-content\/uploads\/2025\/07\/DSC_7981-464x700.jpg 464w, https:\/\/galerie-jj.jjctho.fr\/wp-content\/uploads\/2025\/07\/DSC_7981-19x30.jpg 19w, https:\/\/galerie-jj.jjctho.fr\/wp-content\/uploads\/2025\/07\/DSC_7981.jpg 1660w\" sizes=\"auto, (max-width: 680px) 100vw, 680px\" \/><\/a><\/figure>\n\n\n\n<p class=\"has-text-align-center\"><a href=\"https:\/\/galerie-jj.jjctho.fr\/index.php\/mont-blanc\/\" data-type=\"page\" data-id=\"670\">Mont blanc<\/a><\/p>\n\n\n\n<div style=\"height:var(--wp--preset--spacing--50)\" aria-hidden=\"true\" class=\"wp-block-spacer\"><\/div>\n\n\n\n<figure class=\"wp-block-image size-large is-style-rounded is-style-rounded--8\"><a href=\"https:\/\/galerie-jj.jjctho.fr\/index.php\/faune-des-galapagos\/\"><img loading=\"lazy\" decoding=\"async\" width=\"1024\" height=\"682\" src=\"https:\/\/galerie-jj.jjctho.fr\/wp-content\/uploads\/2025\/07\/JJT_4599-1024x682.jpg\" alt=\"\" class=\"wp-image-243\" style=\"aspect-ratio:1;object-fit:cover\" srcset=\"https:\/\/galerie-jj.jjctho.fr\/wp-content\/uploads\/2025\/07\/JJT_4599-1024x682.jpg 1024w, https:\/\/galerie-jj.jjctho.fr\/wp-content\/uploads\/2025\/07\/JJT_4599-300x200.jpg 300w, https:\/\/galerie-jj.jjctho.fr\/wp-content\/uploads\/2025\/07\/JJT_4599-768x512.jpg 768w, https:\/\/galerie-jj.jjctho.fr\/wp-content\/uploads\/2025\/07\/JJT_4599-1536x1024.jpg 1536w, https:\/\/galerie-jj.jjctho.fr\/wp-content\/uploads\/2025\/07\/JJT_4599-2048x1365.jpg 2048w\" sizes=\"auto, (max-width: 1024px) 100vw, 1024px\" \/><\/a><\/figure>\n\n\n\n<p class=\"has-text-align-center\"><a href=\"https:\/\/galerie-jj.jjctho.fr\/index.php\/faune-des-galapagos\/\" data-type=\"page\" data-id=\"712\">Faune des Galapagos<\/a><\/p>\n\n\n\n<div style=\"height:var(--wp--preset--spacing--50)\" aria-hidden=\"true\" class=\"wp-block-spacer\"><\/div>\n\n\n\n<figure class=\"wp-block-image size-large is-style-rounded is-style-rounded--9\"><a href=\"https:\/\/galerie-jj.jjctho.fr\/index.php\/death-valley\/\"><img loading=\"lazy\" decoding=\"async\" width=\"1024\" height=\"680\" src=\"https:\/\/galerie-jj.jjctho.fr\/wp-content\/uploads\/2025\/07\/DSC_4004-001-1024x680.jpg\" alt=\"\" class=\"wp-image-135\" style=\"aspect-ratio:1;object-fit:cover\" srcset=\"https:\/\/galerie-jj.jjctho.fr\/wp-content\/uploads\/2025\/07\/DSC_4004-001-1024x680.jpg 1024w, https:\/\/galerie-jj.jjctho.fr\/wp-content\/uploads\/2025\/07\/DSC_4004-001-300x199.jpg 300w, https:\/\/galerie-jj.jjctho.fr\/wp-content\/uploads\/2025\/07\/DSC_4004-001-768x510.jpg 768w, https:\/\/galerie-jj.jjctho.fr\/wp-content\/uploads\/2025\/07\/DSC_4004-001-1536x1020.jpg 1536w, https:\/\/galerie-jj.jjctho.fr\/wp-content\/uploads\/2025\/07\/DSC_4004-001-2048x1360.jpg 2048w\" sizes=\"auto, (max-width: 1024px) 100vw, 1024px\" \/><\/a><\/figure>\n\n\n\n<p class=\"has-text-align-center\"><a href=\"https:\/\/galerie-jj.jjctho.fr\/index.php\/death-valley\/\" data-type=\"page\" data-id=\"768\">Death valley<\/a><\/p>\n\n\n\n<div style=\"height:var(--wp--preset--spacing--50)\" aria-hidden=\"true\" class=\"wp-block-spacer\"><\/div>\n\n\n\n<figure class=\"wp-block-image size-large has-custom-border is-style-rounded is-style-rounded--10\"><a href=\"https:\/\/galerie-jj.jjctho.fr\/index.php\/mont-st-michel\/\"><img loading=\"lazy\" decoding=\"async\" width=\"1024\" height=\"680\" src=\"https:\/\/galerie-jj.jjctho.fr\/wp-content\/uploads\/2025\/07\/DSC_9324-1024x680.jpg\" alt=\"\" class=\"wp-image-229\" style=\"border-radius:40px;aspect-ratio:2\/3;object-fit:cover\" srcset=\"https:\/\/galerie-jj.jjctho.fr\/wp-content\/uploads\/2025\/07\/DSC_9324-1024x680.jpg 1024w, https:\/\/galerie-jj.jjctho.fr\/wp-content\/uploads\/2025\/07\/DSC_9324-300x199.jpg 300w, https:\/\/galerie-jj.jjctho.fr\/wp-content\/uploads\/2025\/07\/DSC_9324-768x510.jpg 768w, https:\/\/galerie-jj.jjctho.fr\/wp-content\/uploads\/2025\/07\/DSC_9324-1536x1020.jpg 1536w, https:\/\/galerie-jj.jjctho.fr\/wp-content\/uploads\/2025\/07\/DSC_9324-2048x1360.jpg 2048w\" sizes=\"auto, (max-width: 1024px) 100vw, 1024px\" \/><\/a><\/figure>\n\n\n\n<p class=\"has-text-align-center\"><a href=\"https:\/\/galerie-jj.jjctho.fr\/index.php\/mont-st-michel\/\" data-type=\"page\" data-id=\"720\">Mont St Michel<\/a><\/p>\n\n\n\n<div style=\"height:var(--wp--preset--spacing--50)\" aria-hidden=\"true\" class=\"wp-block-spacer\"><\/div>\n\n\n\n<figure class=\"wp-block-image size-large is-style-rounded is-style-rounded--11\"><a href=\"https:\/\/galerie-jj.jjctho.fr\/index.php\/les-godelins\/\"><img loading=\"lazy\" decoding=\"async\" width=\"1024\" height=\"768\" src=\"https:\/\/galerie-jj.jjctho.fr\/wp-content\/uploads\/2025\/07\/IMG_0680-1024x768.jpg\" alt=\"\" class=\"wp-image-1066\" style=\"aspect-ratio:1;object-fit:cover\" srcset=\"https:\/\/galerie-jj.jjctho.fr\/wp-content\/uploads\/2025\/07\/IMG_0680-1024x768.jpg 1024w, https:\/\/galerie-jj.jjctho.fr\/wp-content\/uploads\/2025\/07\/IMG_0680-300x225.jpg 300w, https:\/\/galerie-jj.jjctho.fr\/wp-content\/uploads\/2025\/07\/IMG_0680-768x576.jpg 768w, https:\/\/galerie-jj.jjctho.fr\/wp-content\/uploads\/2025\/07\/IMG_0680.jpg 1500w\" sizes=\"auto, (max-width: 1024px) 100vw, 1024px\" \/><\/a><\/figure>\n\n\n\n<p class=\"has-text-align-center\"><a href=\"https:\/\/galerie-jj.jjctho.fr\/index.php\/les-godelins\/\" data-type=\"page\" data-id=\"1205\">Les Godelins<\/a><\/p>\n\n\n\n<div style=\"height:var(--wp--preset--spacing--50)\" aria-hidden=\"true\" class=\"wp-block-spacer\"><\/div>\n\n\n\n<figure class=\"wp-block-image size-large is-style-rounded is-style-rounded--12\"><a href=\"https:\/\/galerie-jj.jjctho.fr\/index.php\/quelques-jours-a-avignon-2026\/\"><img loading=\"lazy\" decoding=\"async\" width=\"1024\" height=\"683\" src=\"https:\/\/galerie-jj.jjctho.fr\/wp-content\/uploads\/2025\/08\/DSC_0979_S-1024x683.jpg\" alt=\"\" class=\"wp-image-1383\" style=\"aspect-ratio:2\/3;object-fit:cover\" srcset=\"https:\/\/galerie-jj.jjctho.fr\/wp-content\/uploads\/2025\/08\/DSC_0979_S-1024x683.jpg 1024w, https:\/\/galerie-jj.jjctho.fr\/wp-content\/uploads\/2025\/08\/DSC_0979_S-300x200.jpg 300w, https:\/\/galerie-jj.jjctho.fr\/wp-content\/uploads\/2025\/08\/DSC_0979_S-768x512.jpg 768w, https:\/\/galerie-jj.jjctho.fr\/wp-content\/uploads\/2025\/08\/DSC_0979_S-1320x880.jpg 1320w, https:\/\/galerie-jj.jjctho.fr\/wp-content\/uploads\/2025\/08\/DSC_0979_S.jpg 1500w\" sizes=\"auto, (max-width: 1024px) 100vw, 1024px\" \/><\/a><\/figure>\n\n\n\n<p class=\"has-text-align-center\"><a href=\"https:\/\/galerie-jj.jjctho.fr\/index.php\/quelques-jours-a-avignon-2026\/\" data-type=\"page\" data-id=\"1422\">Quelques jours \u00e0 Avignon 2025<\/a><\/p>\n<\/div>\n\n\n\n<div class=\"wp-block-column is-layout-flow wp-container-core-column-is-layout-8a368f38 wp-block-column-is-layout-flow\">\n<figure class=\"wp-block-image size-large is-style-rounded is-style-rounded--13\"><a href=\"https:\/\/galerie-jj.jjctho.fr\/index.php\/610-2\/\"><img loading=\"lazy\" decoding=\"async\" width=\"1024\" height=\"682\" src=\"https:\/\/galerie-jj.jjctho.fr\/wp-content\/uploads\/2025\/07\/DSC_8731-1024x682.jpg\" alt=\"\" class=\"wp-image-219\" style=\"aspect-ratio:3\/4;object-fit:cover\" srcset=\"https:\/\/galerie-jj.jjctho.fr\/wp-content\/uploads\/2025\/07\/DSC_8731-1024x682.jpg 1024w, https:\/\/galerie-jj.jjctho.fr\/wp-content\/uploads\/2025\/07\/DSC_8731-300x200.jpg 300w, https:\/\/galerie-jj.jjctho.fr\/wp-content\/uploads\/2025\/07\/DSC_8731-768x512.jpg 768w, https:\/\/galerie-jj.jjctho.fr\/wp-content\/uploads\/2025\/07\/DSC_8731-1536x1024.jpg 1536w, https:\/\/galerie-jj.jjctho.fr\/wp-content\/uploads\/2025\/07\/DSC_8731-2048x1365.jpg 2048w, https:\/\/galerie-jj.jjctho.fr\/wp-content\/uploads\/2025\/07\/DSC_8731-1500x999.jpg 1500w\" sizes=\"auto, (max-width: 1024px) 100vw, 1024px\" \/><\/a><\/figure>\n\n\n\n<p class=\"has-text-align-center\"><a href=\"https:\/\/galerie-jj.jjctho.fr\/index.php\/610-2\/\" data-type=\"page\" data-id=\"610\">P\u00eacheries<\/a><\/p>\n\n\n\n<div style=\"height:var(--wp--preset--spacing--50)\" aria-hidden=\"true\" class=\"wp-block-spacer\"><\/div>\n\n\n\n<figure class=\"wp-block-image size-large is-style-rounded is-style-rounded--14\"><a href=\"https:\/\/galerie-jj.jjctho.fr\/index.php\/new-york\/\"><img loading=\"lazy\" decoding=\"async\" width=\"1024\" height=\"680\" src=\"https:\/\/galerie-jj.jjctho.fr\/wp-content\/uploads\/2025\/07\/DSC_9794-1024x680.jpg\" alt=\"\" class=\"wp-image-230\" style=\"aspect-ratio:3\/4;object-fit:cover\" srcset=\"https:\/\/galerie-jj.jjctho.fr\/wp-content\/uploads\/2025\/07\/DSC_9794-1024x680.jpg 1024w, https:\/\/galerie-jj.jjctho.fr\/wp-content\/uploads\/2025\/07\/DSC_9794-300x199.jpg 300w, https:\/\/galerie-jj.jjctho.fr\/wp-content\/uploads\/2025\/07\/DSC_9794-768x510.jpg 768w, https:\/\/galerie-jj.jjctho.fr\/wp-content\/uploads\/2025\/07\/DSC_9794-1536x1020.jpg 1536w, https:\/\/galerie-jj.jjctho.fr\/wp-content\/uploads\/2025\/07\/DSC_9794-2048x1360.jpg 2048w\" sizes=\"auto, (max-width: 1024px) 100vw, 1024px\" \/><\/a><\/figure>\n\n\n\n<p class=\"has-text-align-center\"><a href=\"https:\/\/galerie-jj.jjctho.fr\/index.php\/new-york\/\" data-type=\"page\" data-id=\"698\">New-York<\/a><\/p>\n\n\n\n<div style=\"height:var(--wp--preset--spacing--50)\" aria-hidden=\"true\" class=\"wp-block-spacer\"><\/div>\n\n\n\n<figure class=\"wp-block-image size-large is-style-rounded is-style-rounded--15\"><a href=\"https:\/\/galerie-jj.jjctho.fr\/index.php\/islande\/\"><img loading=\"lazy\" decoding=\"async\" width=\"1024\" height=\"680\" src=\"https:\/\/galerie-jj.jjctho.fr\/wp-content\/uploads\/2025\/07\/DSC_6573-1024x680.jpg\" alt=\"\" class=\"wp-image-171\" style=\"aspect-ratio:16\/9;object-fit:cover\" srcset=\"https:\/\/galerie-jj.jjctho.fr\/wp-content\/uploads\/2025\/07\/DSC_6573-1024x680.jpg 1024w, https:\/\/galerie-jj.jjctho.fr\/wp-content\/uploads\/2025\/07\/DSC_6573-300x199.jpg 300w, https:\/\/galerie-jj.jjctho.fr\/wp-content\/uploads\/2025\/07\/DSC_6573-768x510.jpg 768w, https:\/\/galerie-jj.jjctho.fr\/wp-content\/uploads\/2025\/07\/DSC_6573-1536x1020.jpg 1536w, https:\/\/galerie-jj.jjctho.fr\/wp-content\/uploads\/2025\/07\/DSC_6573-2048x1360.jpg 2048w\" sizes=\"auto, (max-width: 1024px) 100vw, 1024px\" \/><\/a><\/figure>\n\n\n\n<p class=\"has-text-align-center\"><a href=\"https:\/\/galerie-jj.jjctho.fr\/index.php\/islande\/\" data-type=\"page\" data-id=\"754\">Islande<\/a><\/p>\n\n\n\n<div style=\"height:var(--wp--preset--spacing--50)\" aria-hidden=\"true\" class=\"wp-block-spacer\"><\/div>\n\n\n\n<figure class=\"wp-block-image size-large is-style-rounded is-style-rounded--16\"><a href=\"https:\/\/galerie-jj.jjctho.fr\/index.php\/la-ville-en-noir-blanc\/\"><img loading=\"lazy\" decoding=\"async\" width=\"1024\" height=\"768\" src=\"https:\/\/galerie-jj.jjctho.fr\/wp-content\/uploads\/2025\/07\/20231103_230027-1024x768.jpg\" alt=\"\" class=\"wp-image-72\" style=\"aspect-ratio:3\/4;object-fit:cover\" srcset=\"https:\/\/galerie-jj.jjctho.fr\/wp-content\/uploads\/2025\/07\/20231103_230027-1024x768.jpg 1024w, https:\/\/galerie-jj.jjctho.fr\/wp-content\/uploads\/2025\/07\/20231103_230027-300x225.jpg 300w, https:\/\/galerie-jj.jjctho.fr\/wp-content\/uploads\/2025\/07\/20231103_230027-768x576.jpg 768w, https:\/\/galerie-jj.jjctho.fr\/wp-content\/uploads\/2025\/07\/20231103_230027-1536x1152.jpg 1536w, https:\/\/galerie-jj.jjctho.fr\/wp-content\/uploads\/2025\/07\/20231103_230027-2048x1536.jpg 2048w\" sizes=\"auto, (max-width: 1024px) 100vw, 1024px\" \/><\/a><\/figure>\n\n\n\n<p class=\"has-text-align-center\"><a href=\"https:\/\/galerie-jj.jjctho.fr\/index.php\/la-ville-en-noir-blanc\/\" data-type=\"page\" data-id=\"1209\">la ville en noir et blanc<\/a><\/p>\n\n\n\n<div style=\"height:var(--wp--preset--spacing--50)\" aria-hidden=\"true\" class=\"wp-block-spacer\"><\/div>\n\n\n\n<figure class=\"wp-block-image size-large is-style-rounded is-style-rounded--17\"><a href=\"https:\/\/galerie-jj.jjctho.fr\/index.php\/saint-quay\/\"><img loading=\"lazy\" decoding=\"async\" width=\"1024\" height=\"498\" src=\"https:\/\/galerie-jj.jjctho.fr\/wp-content\/uploads\/2025\/07\/20220708_120057-1024x498.jpg\" alt=\"\" class=\"wp-image-56\" srcset=\"https:\/\/galerie-jj.jjctho.fr\/wp-content\/uploads\/2025\/07\/20220708_120057-1024x498.jpg 1024w, https:\/\/galerie-jj.jjctho.fr\/wp-content\/uploads\/2025\/07\/20220708_120057-300x146.jpg 300w, https:\/\/galerie-jj.jjctho.fr\/wp-content\/uploads\/2025\/07\/20220708_120057-768x373.jpg 768w, https:\/\/galerie-jj.jjctho.fr\/wp-content\/uploads\/2025\/07\/20220708_120057-1536x746.jpg 1536w, https:\/\/galerie-jj.jjctho.fr\/wp-content\/uploads\/2025\/07\/20220708_120057-2048x995.jpg 2048w\" sizes=\"auto, (max-width: 1024px) 100vw, 1024px\" \/><\/a><\/figure>\n\n\n\n<p class=\"has-text-align-center\"><a href=\"https:\/\/galerie-jj.jjctho.fr\/index.php\/saint-quay\/\" data-type=\"page\" data-id=\"1228\">St Quay<\/a><\/p>\n\n\n\n<div style=\"height:var(--wp--preset--spacing--50)\" aria-hidden=\"true\" class=\"wp-block-spacer\"><\/div>\n\n\n\n<figure class=\"wp-block-image size-large is-style-rounded is-style-rounded--18\"><a href=\"https:\/\/galerie-jj.jjctho.fr\/index.php\/la-cote-en-hiver\/\"><img loading=\"lazy\" decoding=\"async\" width=\"1024\" height=\"683\" src=\"https:\/\/galerie-jj.jjctho.fr\/wp-content\/uploads\/2025\/08\/JJT_9988-1024x683.jpg\" alt=\"\" class=\"wp-image-1262\" style=\"aspect-ratio:2\/3;object-fit:cover\" srcset=\"https:\/\/galerie-jj.jjctho.fr\/wp-content\/uploads\/2025\/08\/JJT_9988-1024x683.jpg 1024w, https:\/\/galerie-jj.jjctho.fr\/wp-content\/uploads\/2025\/08\/JJT_9988-300x200.jpg 300w, https:\/\/galerie-jj.jjctho.fr\/wp-content\/uploads\/2025\/08\/JJT_9988-768x512.jpg 768w, https:\/\/galerie-jj.jjctho.fr\/wp-content\/uploads\/2025\/08\/JJT_9988-1320x880.jpg 1320w, https:\/\/galerie-jj.jjctho.fr\/wp-content\/uploads\/2025\/08\/JJT_9988.jpg 1500w\" sizes=\"auto, (max-width: 1024px) 100vw, 1024px\" \/><\/a><\/figure>\n\n\n\n<p class=\"has-text-align-center\"><a href=\"https:\/\/galerie-jj.jjctho.fr\/index.php\/la-cote-en-hiver\/\" data-type=\"page\" data-id=\"1281\">La cote en hiver<\/a><\/p>\n\n\n\n<div style=\"height:var(--wp--preset--spacing--50)\" aria-hidden=\"true\" class=\"wp-block-spacer\"><\/div>\n\n\n\n<figure class=\"wp-block-image size-large is-style-rounded is-style-rounded--19\"><a href=\"https:\/\/galerie-jj.jjctho.fr\/index.php\/hiver-au-quebec\/\"><img loading=\"lazy\" decoding=\"async\" width=\"1024\" height=\"681\" src=\"https:\/\/galerie-jj.jjctho.fr\/wp-content\/uploads\/2025\/12\/DSC_0929_S-1024x681.jpg\" alt=\"\" class=\"wp-image-1750\" style=\"aspect-ratio:1;object-fit:cover\" srcset=\"https:\/\/galerie-jj.jjctho.fr\/wp-content\/uploads\/2025\/12\/DSC_0929_S-1024x681.jpg 1024w, https:\/\/galerie-jj.jjctho.fr\/wp-content\/uploads\/2025\/12\/DSC_0929_S-300x200.jpg 300w, https:\/\/galerie-jj.jjctho.fr\/wp-content\/uploads\/2025\/12\/DSC_0929_S-768x511.jpg 768w, https:\/\/galerie-jj.jjctho.fr\/wp-content\/uploads\/2025\/12\/DSC_0929_S-1320x878.jpg 1320w, https:\/\/galerie-jj.jjctho.fr\/wp-content\/uploads\/2025\/12\/DSC_0929_S.jpg 1500w\" sizes=\"auto, (max-width: 1024px) 100vw, 1024px\" \/><\/a><\/figure>\n\n\n\n<p class=\"has-text-align-center\"><a href=\"https:\/\/galerie-jj.jjctho.fr\/index.php\/hiver-au-quebec\/\" data-type=\"page\" data-id=\"1739\">Hiver au Quebec<\/a><\/p>\n<\/div>\n<\/div>\n<\/div>\n","protected":false},"excerpt":{"rendered":"<p>Lagune amazonienne Antelope canyon Cap-Vert Ouest Am\u00e9ricain Noirmoutier Sky scrapers Mont blanc Faune des Galapagos Death valley Mont St Michel Les Godelins Quelques jours \u00e0 Avignon 2025 P\u00eacheries New-York Islande la ville en noir et blanc St Quay La cote en hiver Hiver au Quebec<\/p>\n","protected":false},"author":1,"featured_media":0,"parent":0,"menu_order":0,"comment_status":"closed","ping_status":"closed","template":"page-no-title","meta":{"jetpack_post_was_ever_published":false,"footnotes":""},"class_list":["post-321","page","type-page","status-publish","hentry"],"jetpack_sharing_enabled":true,"jetpack_likes_enabled":true,"_links":{"self":[{"href":"https:\/\/galerie-jj.jjctho.fr\/index.php\/wp-json\/wp\/v2\/pages\/321","targetHints":{"allow":["GET"]}}],"collection":[{"href":"https:\/\/galerie-jj.jjctho.fr\/index.php\/wp-json\/wp\/v2\/pages"}],"about":[{"href":"https:\/\/galerie-jj.jjctho.fr\/index.php\/wp-json\/wp\/v2\/types\/page"}],"author":[{"embeddable":true,"href":"https:\/\/galerie-jj.jjctho.fr\/index.php\/wp-json\/wp\/v2\/users\/1"}],"replies":[{"embeddable":true,"href":"https:\/\/galerie-jj.jjctho.fr\/index.php\/wp-json\/wp\/v2\/comments?post=321"}],"version-history":[{"count":45,"href":"https:\/\/galerie-jj.jjctho.fr\/index.php\/wp-json\/wp\/v2\/pages\/321\/revisions"}],"predecessor-version":[{"id":1775,"href":"https:\/\/galerie-jj.jjctho.fr\/index.php\/wp-json\/wp\/v2\/pages\/321\/revisions\/1775"}],"wp:attachment":[{"href":"https:\/\/galerie-jj.jjctho.fr\/index.php\/wp-json\/wp\/v2\/media?parent=321"}],"curies":[{"name":"wp","href":"https:\/\/api.w.org\/{rel}","templated":true}]}}